{"id":2429,"date":"2023-06-29T22:23:37","date_gmt":"2023-06-29T22:23:37","guid":{"rendered":"http:\/\/coraminde.com\/?page_id=2429"},"modified":"2023-08-05T00:00:34","modified_gmt":"2023-08-05T00:00:34","slug":"participacion-ciudadana","status":"publish","type":"page","link":"https:\/\/coraminde.com\/index.php\/servicios\/participacion-ciudadana\/","title":{"rendered":"Participaci\u00f3n ciudadana"},"content":{"rendered":"\t\t<div data-elementor-type=\"wp-page\" data-elementor-id=\"2429\" class=\"elementor elementor-2429\">\n\t\t\t\t\t\t\t\t\t<div class=\"elementor-section elementor-top-section elementor-element elementor-element-fa2d22a elementor-section-boxed elementor-section-height-default elementor-section-height-default\" data-id=\"fa2d22a\" data-element_type=\"section\">\n\t\t\t\t\t\t<div class=\"elementor-container elementor-column-gap-default\">\n\t\t\t\t\t<div class=\"elementor-column elementor-col-100 elementor-top-column elementor-element elementor-element-5c6dcaa\" data-id=\"5c6dcaa\" data-element_type=\"column\">\n\t\t\t<div class=\"elementor-widget-wrap elementor-element-populated\">\n\t\t\t\t\t\t\t\t<div class=\"elementor-element elementor-element-4da0c1a elementor-widget elementor-widget-jw-headline\" data-id=\"4da0c1a\" data-element_type=\"widget\" data-widget_type=\"jw-headline.default\">\n\t\t\t\t<div class=\"elementor-widget-container\">\n\t\t\t<h2 class=\"jw-headline jw-headline--direction-vertical\"><span class=\"jw-headline__part jw-headline__first\"><span class=\"jw-headline__label\">SERVICIOS<\/span><\/span><span class=\"jw-headline__part jw-headline__second\"><span class=\"jw-headline__label\">Participaci\u00f3n ciudadana<\/span><\/span><\/h2>\t\t<\/div>\n\t\t\t\t<\/div>\n\t\t\t\t<div class=\"elementor-element elementor-element-d9711d4 contenedor-servicio elementor-invisible elementor-widget elementor-widget-shortcode\" data-id=\"d9711d4\" data-element_type=\"widget\" data-settings=\"{&quot;_animation&quot;:&quot;fadeInUp&quot;}\" data-widget_type=\"shortcode.default\">\n\t\t\t\t<div class=\"elementor-widget-container\">\n\t\t\t\t\t<div class=\"elementor-shortcode\">\t<!-- BEGIN: .projects -->\n\t<div class=\"projects projects-shortcode projects-style3 \">\n\t\t<div class=\"projects-wrap\">\n\t\t\t\n\t\t\t\n\t\t\t<div class=\"projects-items\" data-grid=\"{&quot;itemSelector&quot;:&quot;.project&quot;}\" data-columns=\"2\">\n\n\t\t\t\t\t\t\t\t\t<!-- Project -->\n\t\t\t\t\t<div class=\"project post-2369 nproject type-nproject status-publish has-post-thumbnail hentry nproject-category-participacion-ciudadana\">\n\t\t\t\t\t\t\t\t\t\t\t\t\t<div class=\"project-inner\">\n\t\t\t\t\t\t\n\t\t\t\t\t\t\t<figure class=\"project-thumbnail\">\n\t\t\t\t\t\t\t\t<a href=\"https:\/\/coraminde.com\/index.php\/project\/4a\/\">\n\t\t\t\t\t\t\t\t\t<img loading=\"lazy\" decoding=\"async\" class=\"\" src=\"https:\/\/coraminde.com\/wp-content\/uploads\/2023\/06\/4A_1170X1019-630x630.png\" width=\"630\" height=\"630\" alt=\"Publicaci\u00f3n de afiches informativos para la Evaluaci\u00f3n Ambiental Preliminar (EVAP) de la empresa MAQUINARIAS NOR PER\u00da S.A.C.\" title=\"Publicaci\u00f3n de afiches informativos para la Evaluaci\u00f3n Ambiental Preliminar (EVAP) de la empresa MAQUINARIAS NOR PER\u00da S.A.C.\" \/>\t\t\t\t\t\t\t\t<\/a>\n\t\t\t\t\t\t\t<\/figure>\n\n\t\t\t\t\t\t\t<div class=\"project-info\">\n\t\t\t\t\t\t\t\t<div class=\"project-client-info\">\n\t\t\t\t\t\t\t\t\t\t\t\t\t\t\t\t\t\t\n\t\t\t\t\t\t\t\t\t\t\t\t\t\t\t\t\t<\/div>\n\n\t\t\t\t\t\t\t\t<div class=\"project-info-inner\">\n\t\t\t\t\t\t\t\t\t<div class=\"project-meta\">\n\t\t\t\t\t\t\t\t\t\t<a href=\"https:\/\/coraminde.com\/index.php\/nproject-category\/participacion-ciudadana\/\" rel=\"tag\">Participaci\u00f3n ciudadana<\/a>\t\t\t\t\t\t\t\t\t<\/div>\n\t\t\t\t\t\t\t\t\t\n\t\t\t\t\t\t\t\t\t<h2 class=\"project-title\" itemprop=\"name headline\">\n\t\t\t\t\t\t\t\t\t\t<a href=\"https:\/\/coraminde.com\/index.php\/project\/4a\/\">MAQUINARIAS NOR PER\u00da S.A.C.<\/a>\n\t\t\t\t\t\t\t\t\t<\/h2>\n\n\t\t\t\t\t\t\t\t\t\t\t\t\t\t\t\t\t\t\t<div class=\"project-summary\">\n\t\t\t\t\t\t\t\t\t\t\t<p>Publicaci\u00f3n de afiches informativos para la Evaluaci\u00f3n Ambiental Preliminar (EVAP) de la empresa MAQUINARIAS NOR PER\u00da S.A.C.<\/p>\n\t\t\t\t\t\t\t\t\t\t<\/div>\n\t\t\t\t\t\t\t\t\t\t\t\t\t\t\t\t\t\t\n\t\t\t\t\t\t\t\t\t\t\t\t\t\t\t\t\t\t\t<a class=\"project-readmore button\" href=\"https:\/\/coraminde.com\/index.php\/project\/4a\/\"><span>VER<\/span><\/a>\n\t\t\t\t\t\t\t\t\t\t\t\t\t\t\t\t\t<\/div>\n\t\t\t\t\t\t\t<\/div>\n\t\t\t\t\t\t<\/div>\n\t\t\t\t\t<\/div>\n\t\t\t\t\t<!-- \/Project -->\n\t\t\t\t\t\t\t\t\t<!-- Project -->\n\t\t\t\t\t<div class=\"project post-2368 nproject type-nproject status-publish has-post-thumbnail hentry nproject-category-participacion-ciudadana\">\n\t\t\t\t\t\t\t\t\t\t\t\t\t<div class=\"project-inner\">\n\t\t\t\t\t\t\n\t\t\t\t\t\t\t<figure class=\"project-thumbnail\">\n\t\t\t\t\t\t\t\t<a href=\"https:\/\/coraminde.com\/index.php\/project\/4b\/\">\n\t\t\t\t\t\t\t\t\t<img loading=\"lazy\" decoding=\"async\" class=\"\" src=\"https:\/\/coraminde.com\/wp-content\/uploads\/2023\/06\/4B_1170X1019-630x630.png\" width=\"630\" height=\"630\" alt=\"Encuestas sociales realizadas para la Actualizaci\u00f3n de la Declaraci\u00f3n de Impacto Ambiental (DIA) de la empresa CORPORACI\u00d3N PERUANA DE ALMACENES S.A.C.\" title=\"Encuestas sociales realizadas para la Actualizaci\u00f3n de la Declaraci\u00f3n de Impacto Ambiental (DIA) de la empresa CORPORACI\u00d3N PERUANA DE ALMACENES S.A.C.\" \/>\t\t\t\t\t\t\t\t<\/a>\n\t\t\t\t\t\t\t<\/figure>\n\n\t\t\t\t\t\t\t<div class=\"project-info\">\n\t\t\t\t\t\t\t\t<div class=\"project-client-info\">\n\t\t\t\t\t\t\t\t\t\t\t\t\t\t\t\t\t\t\n\t\t\t\t\t\t\t\t\t\t\t\t\t\t\t\t\t<\/div>\n\n\t\t\t\t\t\t\t\t<div class=\"project-info-inner\">\n\t\t\t\t\t\t\t\t\t<div class=\"project-meta\">\n\t\t\t\t\t\t\t\t\t\t<a href=\"https:\/\/coraminde.com\/index.php\/nproject-category\/participacion-ciudadana\/\" rel=\"tag\">Participaci\u00f3n ciudadana<\/a>\t\t\t\t\t\t\t\t\t<\/div>\n\t\t\t\t\t\t\t\t\t\n\t\t\t\t\t\t\t\t\t<h2 class=\"project-title\" itemprop=\"name headline\">\n\t\t\t\t\t\t\t\t\t\t<a href=\"https:\/\/coraminde.com\/index.php\/project\/4b\/\">CORPORACI\u00d3N PERUANA DE ALMACENES S.A.C.<\/a>\n\t\t\t\t\t\t\t\t\t<\/h2>\n\n\t\t\t\t\t\t\t\t\t\t\t\t\t\t\t\t\t\t\t<div class=\"project-summary\">\n\t\t\t\t\t\t\t\t\t\t\t<p>Encuestas sociales realizadas para la Actualizaci\u00f3n de la Declaraci\u00f3n de Impacto Ambiental (DIA) de la empresa CORPORACI\u00d3N PERUANA DE ALMACENES S.A.C.<\/p>\n\t\t\t\t\t\t\t\t\t\t<\/div>\n\t\t\t\t\t\t\t\t\t\t\t\t\t\t\t\t\t\t\n\t\t\t\t\t\t\t\t\t\t\t\t\t\t\t\t\t\t\t<a class=\"project-readmore button\" href=\"https:\/\/coraminde.com\/index.php\/project\/4b\/\"><span>VER<\/span><\/a>\n\t\t\t\t\t\t\t\t\t\t\t\t\t\t\t\t\t<\/div>\n\t\t\t\t\t\t\t<\/div>\n\t\t\t\t\t\t<\/div>\n\t\t\t\t\t<\/div>\n\t\t\t\t\t<!-- \/Project -->\n\t\t\t\t\t\t\t\t\t\t\t<\/div>\n\t\t<\/div>\n\t<\/div>\n\t<!-- END: .projects -->\n<\/div>\n\t\t\t\t<\/div>\n\t\t\t\t<\/div>\n\t\t\t\t<div class=\"elementor-element elementor-element-4c8ce3a contenedor-servicio elementor-invisible elementor-widget elementor-widget-shortcode\" data-id=\"4c8ce3a\" data-element_type=\"widget\" data-settings=\"{&quot;_animation&quot;:&quot;fadeInUp&quot;}\" data-widget_type=\"shortcode.default\">\n\t\t\t\t<div class=\"elementor-widget-container\">\n\t\t\t\t\t<div class=\"elementor-shortcode\">\t<!-- BEGIN: .projects -->\n\t<div class=\"projects projects-shortcode projects-style3 \">\n\t\t<div class=\"projects-wrap\">\n\t\t\t\n\t\t\t\n\t\t\t<div class=\"projects-items\" data-grid=\"{&quot;itemSelector&quot;:&quot;.project&quot;}\" data-columns=\"2\">\n\n\t\t\t\t\t\t\t\t\t<!-- Project -->\n\t\t\t\t\t<div class=\"project post-2364 nproject type-nproject status-publish has-post-thumbnail hentry nproject-category-participacion-ciudadana\">\n\t\t\t\t\t\t\t\t\t\t\t\t\t<div class=\"project-inner\">\n\t\t\t\t\t\t\n\t\t\t\t\t\t\t<figure class=\"project-thumbnail\">\n\t\t\t\t\t\t\t\t<a href=\"https:\/\/coraminde.com\/index.php\/project\/4c\/\">\n\t\t\t\t\t\t\t\t\t<img loading=\"lazy\" decoding=\"async\" class=\"\" src=\"https:\/\/coraminde.com\/wp-content\/uploads\/2023\/06\/4C_1170X1019-630x630.png\" width=\"630\" height=\"630\" alt=\"Publicaci\u00f3n de afiches informativos para la Declaraci\u00f3n Ambiental de Actividades en Curso (DAAC) de la empresa ALISUR S.A.C.\" title=\"Publicaci\u00f3n de afiches informativos para la Declaraci\u00f3n Ambiental de Actividades en Curso (DAAC) de la empresa ALISUR S.A.C.\" \/>\t\t\t\t\t\t\t\t<\/a>\n\t\t\t\t\t\t\t<\/figure>\n\n\t\t\t\t\t\t\t<div class=\"project-info\">\n\t\t\t\t\t\t\t\t<div class=\"project-client-info\">\n\t\t\t\t\t\t\t\t\t\t\t\t\t\t\t\t\t\t\n\t\t\t\t\t\t\t\t\t\t\t\t\t\t\t\t\t<\/div>\n\n\t\t\t\t\t\t\t\t<div class=\"project-info-inner\">\n\t\t\t\t\t\t\t\t\t<div class=\"project-meta\">\n\t\t\t\t\t\t\t\t\t\t<a href=\"https:\/\/coraminde.com\/index.php\/nproject-category\/participacion-ciudadana\/\" rel=\"tag\">Participaci\u00f3n ciudadana<\/a>\t\t\t\t\t\t\t\t\t<\/div>\n\t\t\t\t\t\t\t\t\t\n\t\t\t\t\t\t\t\t\t<h2 class=\"project-title\" itemprop=\"name headline\">\n\t\t\t\t\t\t\t\t\t\t<a href=\"https:\/\/coraminde.com\/index.php\/project\/4c\/\">ALISUR S.A.C.<\/a>\n\t\t\t\t\t\t\t\t\t<\/h2>\n\n\t\t\t\t\t\t\t\t\t\t\t\t\t\t\t\t\t\t\t<div class=\"project-summary\">\n\t\t\t\t\t\t\t\t\t\t\t<p>Publicaci\u00f3n de afiches informativos para la Declaraci\u00f3n Ambiental de Actividades en Curso (DAAC) de la empresa ALISUR S.A.C. <\/p>\n\t\t\t\t\t\t\t\t\t\t<\/div>\n\t\t\t\t\t\t\t\t\t\t\t\t\t\t\t\t\t\t\n\t\t\t\t\t\t\t\t\t\t\t\t\t\t\t\t\t\t\t<a class=\"project-readmore button\" href=\"https:\/\/coraminde.com\/index.php\/project\/4c\/\"><span>VER<\/span><\/a>\n\t\t\t\t\t\t\t\t\t\t\t\t\t\t\t\t\t<\/div>\n\t\t\t\t\t\t\t<\/div>\n\t\t\t\t\t\t<\/div>\n\t\t\t\t\t<\/div>\n\t\t\t\t\t<!-- \/Project -->\n\t\t\t\t\t\t\t\t\t\t\t<\/div>\n\t\t<\/div>\n\t<\/div>\n\t<!-- END: .projects -->\n<\/div>\n\t\t\t\t<\/div>\n\t\t\t\t<\/div>\n\t\t\t\t<div class=\"elementor-element elementor-element-6d56b00 elementor-widget elementor-widget-spacer\" data-id=\"6d56b00\" data-element_type=\"widget\" data-widget_type=\"spacer.default\">\n\t\t\t\t<div class=\"elementor-widget-container\">\n\t\t\t<style>\/*! elementor - v3.14.0 - 18-06-2023 *\/\n.elementor-column .elementor-spacer-inner{height:var(--spacer-size)}.e-con{--container-widget-width:100%}.e-con-inner>.elementor-widget-spacer,.e-con>.elementor-widget-spacer{width:var(--container-widget-width,var(--spacer-size));--align-self:var(--container-widget-align-self,initial);--flex-shrink:0}.e-con-inner>.elementor-widget-spacer>.elementor-widget-container,.e-con-inner>.elementor-widget-spacer>.elementor-widget-container>.elementor-spacer,.e-con>.elementor-widget-spacer>.elementor-widget-container,.e-con>.elementor-widget-spacer>.elementor-widget-container>.elementor-spacer{height:100%}.e-con-inner>.elementor-widget-spacer>.elementor-widget-container>.elementor-spacer>.elementor-spacer-inner,.e-con>.elementor-widget-spacer>.elementor-widget-container>.elementor-spacer>.elementor-spacer-inner{height:var(--container-widget-height,var(--spacer-size))}<\/style>\t\t<div class=\"elementor-spacer\">\n\t\t\t<div class=\"elementor-spacer-inner\"><\/div>\n\t\t<\/div>\n\t\t\t\t<\/div>\n\t\t\t\t<\/div>\n\t\t\t\t<div class=\"elementor-element elementor-element-5b33cd2 elementor-widget elementor-widget-html\" data-id=\"5b33cd2\" data-element_type=\"widget\" data-widget_type=\"html.default\">\n\t\t\t\t<div class=\"elementor-widget-container\">\n\t\t\t<script type=\"text\/javascript\">\r\n\r\nvar objects = document.getElementsByClassName(\"project-readmore\");\r\nfor (var obj of objects) {\r\nconsole.log(obj);\r\nobj.innerHTML = \"&nbsp;&nbsp;&nbsp;&nbsp;&nbsp;\";\r\nobj.removeAttribute(\"href\");\r\nobj.style.background = \"#ffffff00\";\r\nobj.classList.remove(\"button\");\r\n}\r\n\r\nvar objects2 = document.getElementsByClassName(\"project-title\");\r\nfor (var obj2 of objects2) {\r\nfor (const child of obj2.children) {\r\n  console.log(child);\r\n  child.removeAttribute(\"href\")\r\n}\r\n}\r\n\/\/project-meta\r\nvar objects3 = document.getElementsByClassName(\"project-meta\");\r\nfor (var obj3 of objects3) {\r\nfor (const child1 of obj3.children) {\r\n  console.log(child1);\r\n  child1.removeAttribute(\"href\")\r\n}\r\n}\r\n\/\/project-thumbnail\r\nvar objects4 = document.getElementsByClassName(\"project-thumbnail\");\r\nfor (var obj4 of objects4) {\r\nfor (const child2 of obj4.children) {\r\n  console.log(child2);\r\n  child2.removeAttribute(\"href\")\r\n}\r\n}\r\n\r\n<\/script>\t\t<\/div>\n\t\t\t\t<\/div>\n\t\t\t\t\t<\/div>\n\t\t<\/div>\n\t\t\t\t\t\t\t<\/div>\n\t\t<\/div>\n\t\t\t\t\t\t\t<\/div>\n\t\t","protected":false},"excerpt":{"rendered":"<p>SERVICIOSParticipaci\u00f3n ciudadana<\/p>\n","protected":false},"author":2,"featured_media":584,"parent":2232,"menu_order":0,"comment_status":"closed","ping_status":"closed","template":"tmpl\/template-fullwidth.php","meta":{"inline_featured_image":false,"footnotes":""},"class_list":["post-2429","page","type-page","status-publish","has-post-thumbnail","hentry"],"acf":[],"_links":{"self":[{"href":"https:\/\/coraminde.com\/index.php\/wp-json\/wp\/v2\/pages\/2429","targetHints":{"allow":["GET"]}}],"collection":[{"href":"https:\/\/coraminde.com\/index.php\/wp-json\/wp\/v2\/pages"}],"about":[{"href":"https:\/\/coraminde.com\/index.php\/wp-json\/wp\/v2\/types\/page"}],"author":[{"embeddable":true,"href":"https:\/\/coraminde.com\/index.php\/wp-json\/wp\/v2\/users\/2"}],"replies":[{"embeddable":true,"href":"https:\/\/coraminde.com\/index.php\/wp-json\/wp\/v2\/comments?post=2429"}],"version-history":[{"count":18,"href":"https:\/\/coraminde.com\/index.php\/wp-json\/wp\/v2\/pages\/2429\/revisions"}],"predecessor-version":[{"id":2860,"href":"https:\/\/coraminde.com\/index.php\/wp-json\/wp\/v2\/pages\/2429\/revisions\/2860"}],"up":[{"embeddable":true,"href":"https:\/\/coraminde.com\/index.php\/wp-json\/wp\/v2\/pages\/2232"}],"wp:featuredmedia":[{"embeddable":true,"href":"https:\/\/coraminde.com\/index.php\/wp-json\/wp\/v2\/media\/584"}],"wp:attachment":[{"href":"https:\/\/coraminde.com\/index.php\/wp-json\/wp\/v2\/media?parent=2429"}],"curies":[{"name":"wp","href":"https:\/\/api.w.org\/{rel}","templated":true}]}}